{"id":2,"date":"2013-11-04T08:13:19","date_gmt":"2013-11-04T07:13:19","guid":{"rendered":"http:\/\/www.frauenbund-kumreut.de\/?page_id=2"},"modified":"2026-01-30T10:42:52","modified_gmt":"2026-01-30T09:42:52","slug":"beispiel-seite","status":"publish","type":"page","link":"https:\/\/www.frauenbund-kumreut.de\/","title":{"rendered":"Wer wir sind"},"content":{"rendered":"<p>&nbsp;<\/p>\n<p>In unserem Katholischen Deutschen Frauenbund Kumreut sind \u00fcber 100 Frauen jeden Alters, aus unterschiedlichen Lebenssituationen und mit verschiedensten Interessen zusammengeschlossen.<\/p>\n<p>Unser Angebot ist sehr zahlreich, vielf\u00e4ltig und f\u00fcr alle Altersgruppen ausgelegt. W\u00f6chentlich treffen wir uns zur Gymnastik und einmal im Monat treffen wir uns zu einem gemeinsamen Fr\u00fchst\u00fcck. Zus\u00e4tzliche Kurse und Veranstaltungen in den Bereichen Gesundheit, Kochen, Gesellschaft und Kirche garantieren, dass auch f\u00fcr Sie etwas dabei ist.<br \/>\nIn den Wintermonaten veranstalten wir vierzehnt\u00e4gig eine Rockaroas, bei der wir Kaffee trinken, Stricken und auch Schafkopfen.<\/p>\n<p>Viele Frauen des Kath. Frauenbundes Kumreut sind in der Pfarrgemeinde in vielf\u00e4ltigem ehrenamtlichen oder sozialen Einsatz t\u00e4tig.<\/p>\n<p>Die \u201eJunge Gruppe\u201c will vor allem Frauen mit Klein- und Schulkindern und zu Gespr\u00e4chen und gemeinsamen Unternehmungen einladen.<\/p>\n<p>Wir unterst\u00fctzen unseren Dachverband bei den vielf\u00e4ltigen Forderungen zum Wohle der Frauen und deren Gleichstellung in allen Bereichen.<\/p>\n<p>&nbsp;<\/p>\n","protected":false},"excerpt":{"rendered":"<p>&nbsp; In unserem Katholischen Deutschen Frauenbund Kumreut sind \u00fcber 100 Frauen jeden Alters, aus unterschiedlichen Lebenssituationen und mit verschiedensten Interessen zusammengeschlossen. Unser Angebot ist sehr zahlreich, vielf\u00e4ltig und f\u00fcr alle Altersgruppen ausgelegt. W\u00f6chentlich treffen wir uns zur Gymnastik und einmal   Wer wir sind weiterlesen&rarr;<\/p>\n","protected":false},"author":1,"featured_media":5,"parent":0,"menu_order":1,"comment_status":"closed","ping_status":"closed","template":"","meta":{"footnotes":""},"class_list":["post-2","page","type-page","status-publish","has-post-thumbnail","hentry"],"_links":{"self":[{"href":"https:\/\/www.frauenbund-kumreut.de\/index.php?rest_route=\/wp\/v2\/pages\/2","targetHints":{"allow":["GET"]}}],"collection":[{"href":"https:\/\/www.frauenbund-kumreut.de\/index.php?rest_route=\/wp\/v2\/pages"}],"about":[{"href":"https:\/\/www.frauenbund-kumreut.de\/index.php?rest_route=\/wp\/v2\/types\/page"}],"author":[{"embeddable":true,"href":"https:\/\/www.frauenbund-kumreut.de\/index.php?rest_route=\/wp\/v2\/users\/1"}],"replies":[{"embeddable":true,"href":"https:\/\/www.frauenbund-kumreut.de\/index.php?rest_route=%2Fwp%2Fv2%2Fcomments&post=2"}],"version-history":[{"count":7,"href":"https:\/\/www.frauenbund-kumreut.de\/index.php?rest_route=\/wp\/v2\/pages\/2\/revisions"}],"predecessor-version":[{"id":582,"href":"https:\/\/www.frauenbund-kumreut.de\/index.php?rest_route=\/wp\/v2\/pages\/2\/revisions\/582"}],"wp:featuredmedia":[{"embeddable":true,"href":"https:\/\/www.frauenbund-kumreut.de\/index.php?rest_route=\/wp\/v2\/media\/5"}],"wp:attachment":[{"href":"https:\/\/www.frauenbund-kumreut.de\/index.php?rest_route=%2Fwp%2Fv2%2Fmedia&parent=2"}],"curies":[{"name":"wp","href":"https:\/\/api.w.org\/{rel}","templated":true}]}}