{"id":479,"date":"2020-02-08T11:18:26","date_gmt":"2020-02-08T10:18:26","guid":{"rendered":"https:\/\/www.frauenbund-kumreut.de\/?page_id=479"},"modified":"2026-01-30T10:41:28","modified_gmt":"2026-01-30T09:41:28","slug":"das-programm-fuer-januar-und-februar","status":"publish","type":"page","link":"https:\/\/www.frauenbund-kumreut.de\/?page_id=479","title":{"rendered":"Programm f\u00fcr Februar und M\u00e4rz 2026"},"content":{"rendered":"<p>Liebe Frauenbund-Damen, hier das Programm f\u00fcr die n\u00e4chsten zwei Monate<\/p>\n<p><strong>Unser Programm f\u00fcr Februar und M\u00e4rz:<\/strong><\/p>\n<p>Neben unseren laufenden Angeboten wie Nordic-Walking, Fit und Flott, Workout, Linedance, Eltern-Kind-Gruppe haben wir noch folgendes Programm f\u00fcr euch:<br \/>\n(Je nach Wetterlage startet auch wieder das E-Bikefahren und wird \u00fcber WhatsApp bekannt gegeben.)<\/p>\n<p>&nbsp;<\/p>\n<table style=\"width: 100%; height: 1372px;\" width=\"715\">\n<tbody>\n<tr style=\"height: 102px;\">\n<td style=\"height: 102px;\" width=\"152\">Dienstag,10.02. und 24.02.26<\/td>\n<td style=\"height: 102px;\" colspan=\"2\" width=\"563\">\n<h4><strong>Rockaroas<br \/>\n<\/strong>Beginn: 13.30 Uhr im Pfarrheim KumreutStricken, Schafkopfen, andere Spiele und nat\u00fcrlich Ratschen bei Kaffee und S\u00fc\u00dfem stehen an diesen Nachmittagen auf dem Programm.<\/h4>\n<\/td>\n<\/tr>\n<tr style=\"height: 105px;\">\n<td style=\"height: 105px;\" width=\"152\">Donnerstag,<br \/>\n12.02. und 12.03.2026<br \/>\n8.30 Uhr<\/td>\n<td style=\"height: 105px;\" colspan=\"2\" width=\"563\">\n<h4>Im Pfarrheim treffen wir uns zu unserem<br \/>\n<strong>Fr\u00fchst\u00fcck<br \/>\n<\/strong>Das <strong>FebruarFr\u00fchst\u00fcck<\/strong> ist ein <strong>FaschingsFr\u00fchst\u00fcck<\/strong> und <strong>Masken sind erlaubt<\/strong>.<\/h4>\n<\/td>\n<\/tr>\n<tr style=\"height: 132px;\">\n<td style=\"height: 132px;\" width=\"152\">Montag, 23.02.26<br \/>\n18.00 Uhr<\/p>\n<p>&nbsp;<\/td>\n<td style=\"height: 132px;\" width=\"503\">\n<h4><strong>Schafkopfabend<\/strong><br \/>\n<span style=\"font-size: 18px;\">im Pfarrheim Kumreut. Jede kann mitmachen!!<\/span><\/h4>\n<\/td>\n<td style=\"height: 132px;\" width=\"60\">&nbsp;<\/td>\n<\/tr>\n<tr style=\"height: 214px;\">\n<td style=\"height: 214px;\" width=\"152\">Freitag,<br \/>\n27.02.2026<br \/>\n17.00 Uhr<\/td>\n<td style=\"height: 214px;\" width=\"503\">\n<h4><strong>Besichtigung Dorfgemeinschaftshaus Kumreut<\/strong><\/h4>\n<p>Gemeinsam mit Rudi Ranzinger wollen wir das DGH besichtigen. Wir werden die einzelnen R\u00e4ume besichtigen und uns von deren Verwendung und Benutzung \u00fcberzeugen.<\/p>\n<p>&nbsp;<\/td>\n<td style=\"height: 214px;\" width=\"60\">&nbsp;<\/td>\n<\/tr>\n<tr style=\"height: 271px;\">\n<td style=\"height: 271px;\" width=\"152\">Freitag,<br \/>\n07.03.2026<br \/>\n19.00 Uhr<br \/>\nPfarrheim <strong>R\u00f6hrnbach<\/strong><\/p>\n<p>&nbsp;<\/td>\n<td style=\"height: 271px;\" colspan=\"2\" width=\"563\">\n<h4><strong>Weltgebetstag der Frauen<\/strong><\/h4>\n<h4>Unter dem Motto <strong>\u201eNigeria &#8222;Kommt! Bringt eure Last.&#8220; <\/strong>f\u00fchrt der Weltgebetstag 2026 zu den Frauen aus Nigeria, dem bev\u00f6lkerungsreichsten Land Afrikas. In Nigeria gibt es eine gro\u00dfe kulturelle Vielfalt: zahlreiche Religionen, 514 verschiedene Sprachen. Gott ist in Nigeria allgegenw\u00e4rtig. Und Frauen haben \u2013 wieder einmal \u2013 einen schweren Stand in der Gesellschaft ihres Landes und gro\u00dfe Lasten zu tragen.<\/h4>\n<p>&nbsp;<\/td>\n<\/tr>\n<tr style=\"height: 108px;\">\n<td style=\"height: 108px;\" width=\"152\">Montag, 09.03.26<br \/>\n19 Uhr<br \/>\nPfarrheim Kumreut<\/td>\n<td style=\"height: 108px;\" colspan=\"2\" width=\"563\">\n<h4><strong>Nahrungserg\u00e4nzungsmittel \u2013 Jungbrunnen oder Verbrauchert\u00e4uschung?<\/strong><\/h4>\n<h4>Referentin: Eva Kirchberger, Verbraucherservice Passau<\/h4>\n<\/td>\n<\/tr>\n<tr style=\"height: 166px;\">\n<td style=\"height: 166px;\" width=\"152\">Donnerstag, 12.03.26<br \/>\n13:30<br \/>\nErlauzwiesel<\/td>\n<td style=\"height: 166px;\" width=\"503\">\n<h4><strong>KDFB-Frauentag<\/strong><\/h4>\n<h4>\u201eWie altert unser Gehirn und was kann ich dagegen tun?\u201c<\/h4>\n<h4>Referent: Prof. Dr. Michel Knodt<\/h4>\n<\/td>\n<td style=\"height: 166px;\" width=\"60\">&nbsp;<\/td>\n<\/tr>\n<tr style=\"height: 274px;\">\n<td style=\"height: 274px;\" width=\"152\">Montag, 16.03.2026<br \/>\n19.00 Uhr<\/td>\n<td style=\"height: 274px;\" width=\"503\">\n<h4><strong>Kreuzwegandacht<\/strong><\/h4>\n<h4>in der Pfarrkirche Kumreut<\/h4>\n<h4><\/h4>\n<p>Wir w\u00fcrden uns freuen euch bei der einen oder anderen Veranstaltung zu sehen\u00a0 &#8211;<br \/>\n<strong>die Vorstandschaft<\/strong><\/p>\n<p>&nbsp;<\/td>\n<td style=\"height: 274px;\" width=\"60\">&nbsp;<\/td>\n<\/tr>\n<\/tbody>\n<\/table>\n","protected":false},"excerpt":{"rendered":"<p>Liebe Frauenbund-Damen, hier das Programm f\u00fcr die n\u00e4chsten zwei Monate Unser Programm f\u00fcr Februar und M\u00e4rz: Neben unseren laufenden Angeboten wie Nordic-Walking, Fit und Flott, Workout, Linedance, Eltern-Kind-Gruppe haben wir noch folgendes Programm f\u00fcr euch: (Je nach Wetterlage startet auch   Programm f\u00fcr Februar und M\u00e4rz 2026 weiterlesen&rarr;<\/p>\n","protected":false},"author":1,"featured_media":0,"parent":0,"menu_order":0,"comment_status":"closed","ping_status":"closed","template":"","meta":{"footnotes":""},"class_list":["post-479","page","type-page","status-publish","hentry"],"_links":{"self":[{"href":"https:\/\/www.frauenbund-kumreut.de\/index.php?rest_route=\/wp\/v2\/pages\/479","targetHints":{"allow":["GET"]}}],"collection":[{"href":"https:\/\/www.frauenbund-kumreut.de\/index.php?rest_route=\/wp\/v2\/pages"}],"about":[{"href":"https:\/\/www.frauenbund-kumreut.de\/index.php?rest_route=\/wp\/v2\/types\/page"}],"author":[{"embeddable":true,"href":"https:\/\/www.frauenbund-kumreut.de\/index.php?rest_route=\/wp\/v2\/users\/1"}],"replies":[{"embeddable":true,"href":"https:\/\/www.frauenbund-kumreut.de\/index.php?rest_route=%2Fwp%2Fv2%2Fcomments&post=479"}],"version-history":[{"count":37,"href":"https:\/\/www.frauenbund-kumreut.de\/index.php?rest_route=\/wp\/v2\/pages\/479\/revisions"}],"predecessor-version":[{"id":581,"href":"https:\/\/www.frauenbund-kumreut.de\/index.php?rest_route=\/wp\/v2\/pages\/479\/revisions\/581"}],"wp:attachment":[{"href":"https:\/\/www.frauenbund-kumreut.de\/index.php?rest_route=%2Fwp%2Fv2%2Fmedia&parent=479"}],"curies":[{"name":"wp","href":"https:\/\/api.w.org\/{rel}","templated":true}]}}